{"id":5810,"date":"2021-03-10T09:19:57","date_gmt":"2021-03-10T07:19:57","guid":{"rendered":"https:\/\/gremicafe.cat\/?page_id=5810"},"modified":"2021-03-10T09:28:25","modified_gmt":"2021-03-10T07:28:25","slug":"politica-de-cookies","status":"publish","type":"page","link":"https:\/\/gremicafe.cat\/es\/politica-de-cookies\/","title":{"rendered":"Pol\u00edtica de cookies"},"content":{"rendered":"<div id=\"ut-row-69f46e82a4fb1\" data-vc-full-width=\"true\" data-vc-full-width-init=\"false\" class=\"vc_row wpb_row vc_row-fluid vc_column-gap-0 ut-row-69f46e82a4fc7\" ><div class=\"wpb_column vc_column_container vc_col-sm-12\" ><div id=\"ut_inner_column_69f46e82a5abb\" class=\"vc_column-inner\"><div class=\"wpb_wrapper\">\n\t<div class=\"wpb_text_column wpb_content_element\" >\n\t\t<div class=\"wpb_wrapper\">\n\t\t\t<p id=\"content\" class=\"page-content page-cms page-cms-12\">Como todas y cada una de las tiendas virtuales de internet, esta tienda virtual utiliza cookies para mejorar la experiencia de navegaci\u00f3n del usuario. Las cookies nos permite deducir sus preferencias e intereses para poder ofrecerle la expriencia de usuario y navegabilidad que necesita. A continuaci\u00f3n encontrar\u00e1 informaci\u00f3n sobre qu\u00e9 son las cookies, qu\u00e9 tipo de cookies utiliza este portal, c\u00f3mo puede desactivar las cookies en su navegador o c\u00f3mo desactivar espec\u00edficamente la instalaci\u00f3n de cookies de terceros y qu\u00e9 ocurre en caso de deshabilitar.<\/p>\n<section><\/section>\n<h2 class=\"page-content page-cms page-cms-12\">\u00bfQu\u00e9 es una cookie?<\/h2>\n<section><\/section>\n<p class=\"page-content page-cms page-cms-12\">Una Cookie es un peque\u00f1o archivo de texto que se almacena en el ordenador del usuario y nos permite reconocerlo. El conjunto de \u201ccookies\u201d nos ayuda a mejorar la calidad de nuestra web, permiti\u00e9ndonos controlar qu\u00e9 p\u00e1ginas encuentran nuestros usuarios \u00fatiles y cu\u00e1les no. Las cookies son esenciales para el funcionamiento de internet, aportando innumerables ventajas en la prestaci\u00f3n de servicios interactivos, facilitando la navegaci\u00f3n y usabilidad de nuestra web. Recuerde que las cookies no pueden da\u00f1ar a su equipo y que, a cambio, el que est\u00e9n activadas nos ayudan a identificar y resolver los errores, as\u00ed como tambi\u00e9n nos permite identificar intereses y poder ofrecer los productos m\u00e1s interesantes para usted. Algunas de estas cookies son imprescindibles, puesto que sin ellas la p\u00e1gina no puede funcionar. Otras cookies son muy \u00fatiles, ya que recuerdan a tu nombre de usuario de forma segura, as\u00ed como tus preferencias, por ejemplo, el idioma. Gracias a las cookies no es necesario que facilites la misma informaci\u00f3n cada vez que entras en una p\u00e1gina.<\/p>\n<section><\/section>\n<h2 class=\"page-content page-cms page-cms-12\">\u00bfPor qu\u00e9 utilizamos cookies?<\/h2>\n<section><\/section>\n<p class=\"page-content page-cms page-cms-12\">Usamos cookies para ofrecerte una experiencia m\u00e1s personalizada con tus preferencias. De esta forma no tendr\u00e1s que facilitar la misma informaci\u00f3n cuando visite la p\u00e1gina web. Las cookies se utilizan adem\u00e1s para mejorar el rendimiento de la p\u00e1gina, ya que hacen m\u00e1s f\u00e1cil el proceso de compra y te ayudan a encontrar art\u00edculos espec\u00edficos r\u00e1pidamente.<\/p>\n<h2 class=\"page-content page-cms page-cms-12\">Tipo de cookies<\/h2>\n<p class=\"page-content page-cms page-cms-12\">La informaci\u00f3n que le proporcionamos a continuaci\u00f3n, le ayudar\u00e1 a comprender los diferentes tipos de cookies:<\/p>\n<p class=\"page-content page-cms page-cms-12\"><strong>_ Cookies de sesi\u00f3n<\/strong>: son cookies temporales que permanecen en el archivo de cookies de su navegador hasta que abandone la p\u00e1gina web, por lo que ninguna queda registrada en el disco duro del usuario. La informaci\u00f3n obtenida por medio de estas cookies, sirven para analizar pautas de tr\u00e1fico en la web. A la larga, esto nos permite proporcionarle una mejor experiencia para mejorar el contenido y facilitando su uso.<\/p>\n<p class=\"page-content page-cms page-cms-12\"><strong>_ Cookies permanentes<\/strong>: son almacenadas en el disco duro y nuestra web las lee cada vez que usted realiza una nueva visita. Una cookie permanente posee una fecha de expiraci\u00f3n determinada. La cookie dejar\u00e1 de funcionar despu\u00e9s de esta fecha.A continuaci\u00f3n publicamos una relaci\u00f3n de las principales cookies utilizadas en nuestra web, distinguiendo:<\/p>\n<p class=\"page-content page-cms page-cms-12\"><strong>_ Las cookies estrictamente necesarias<\/strong> como por ejemplo, aquellas que sirvan para una correcta navegaci\u00f3n o las que permitan realizar servicios solicitados por el usuario o cookies que sirvan para asegurar que el contenido de la p\u00e1gina web se carga eficazmente.<\/p>\n<p><strong>_ Las cookies de terceros<\/strong> como por ejemplo, las usadas por redes sociales, o por complementos externos de contenido.<\/p>\n<p><strong>_ Las cookies anal\u00edticas<\/strong> con prop\u00f3sitos de mantenimiento peri\u00f3dico, y con el fin de garantizar el mejor servicio posible a los usuarios, los sitios web hacen uso normalmente de cookies \u201canal\u00edticas\u201d para recopilar datos estad\u00edsticos de la actividad que se realiza sobre la plataforma.<\/p>\n<h2>Cookies almacenadas en gremicafe.es<\/h2>\n<p>Declaraci\u00f3n de cookies actualizada por \u00faltima vez el 09\/03\/21 por Cookiebot:<\/p>\n<h3><strong>Cookies necesarias (1)<\/strong><\/h3>\n<p>Las cookies necesarias ayudan a que un sitio web se pueda utilizar permitiendo funciones b\u00e1sicas como la navegaci\u00f3n por p\u00e1ginas y el acceso de forma segura \u00e1reas del sitio web. El sitio web no puede funcionar correctamente sin estas cookies.<\/p>\n<table class=\"taulaVisible\" style=\"width: 100%;\">\n<tbody>\n<tr>\n<td>NOMBRE<\/td>\n<td>PROVEEDOR<\/td>\n<td>PROP\u00d3SITO<\/td>\n<td>TIPO<\/td>\n<td>CADUCIDAD<\/td>\n<\/tr>\n<tr>\n<td>cookietest<\/td>\n<td>gremicafe.cat<\/td>\n<td>Esta cookie se utiliza para determinar si el visitante ha aceptado la casilla de consentimiento de cookies.<\/td>\n<td>HTTP<\/td>\n<td>Sesi\u00f3n<\/td>\n<\/tr>\n<\/tbody>\n<\/table>\n<h3><strong>Cookies de preferencia (2)<\/strong><\/h3>\n<p>Las cookies de preferencia permiten a un sitio web recordar informaci\u00f3n que cambia la forma en que el sitio web se comporta o se ve, como su idioma preferido o la regi\u00f3n donde est\u00e1.<\/p>\n<table class=\"taulaVisible\" style=\"width: 100%;\">\n<tbody>\n<tr>\n<td>NOMBRE<\/td>\n<td>PROVEEDOR<\/td>\n<td>PROP\u00d3SITO<\/td>\n<td>TIPO<\/td>\n<td>CADUCIDAD<\/td>\n<\/tr>\n<tr>\n<td>yt-player-bandaid-host<\/td>\n<td>youtube.com<\/td>\n<td>Se utiliza para determinar la calidad de v\u00eddeo \u00f3ptima en funci\u00f3n del par\u00e1metro de red y del dispositivo del visitante.<\/td>\n<td>HTML<\/td>\n<td>Persistente<\/td>\n<\/tr>\n<tr>\n<td>yt-player-bandwidth<\/td>\n<td>youtube.com<\/td>\n<td>Se utiliza para determinar la calidad de v\u00eddeo \u00f3ptima en funci\u00f3n del par\u00e1metro de red y del dispositivo del visitante.<\/td>\n<td>HTML<\/td>\n<td>Persistente<\/td>\n<\/tr>\n<\/tbody>\n<\/table>\n<h3><strong>Cookies estad\u00edsticas (5)<\/strong><\/h3>\n<p>Las cookies de estad\u00edsticas ayudan a los propietarios de sitios web a entender c\u00f3mo interact\u00faan los visitantes con los sitios web mediante la recopilaci\u00f3n e informaci\u00f3n de forma an\u00f3nima.<\/p>\n<table class=\"taulaVisible\" style=\"width: 100%;\">\n<tbody>\n<tr>\n<td>NOMBRE<\/td>\n<td>PROVEEDOR<\/td>\n<td>PROP\u00d3SITO<\/td>\n<td>TIPO<\/td>\n<td>CADUCIDAD<\/td>\n<\/tr>\n<tr>\n<td>_ga<\/td>\n<td>gremicafe.cat<\/td>\n<td>Registra un identificador \u00fanico que se utiliza para generar datos estad\u00edsticos sobre c\u00f3mo el visitante utiliza el sitio web.<\/td>\n<td>HTTP<\/td>\n<td>2 a\u00f1os<\/td>\n<\/tr>\n<tr>\n<td>_ga_#<\/td>\n<td>gremicafe.cat<\/td>\n<td>Utilizado por Google Analytics para recopilar datos sobre el n\u00famero de veces que un usuario ha visitado el sitio web, as\u00ed como<br \/>\nfechas de la primera y m\u00e1s reciente visita.<\/td>\n<td>HTTP<\/td>\n<td>2 a\u00f1os<\/td>\n<\/tr>\n<tr>\n<td>_gato<\/td>\n<td>gremicafe.cat<\/td>\n<td>Utilizado por Google Analytics para restringir el porcentaje de solicitudes<\/td>\n<td>HTTP<\/td>\n<td>1 d\u00eda<\/td>\n<\/tr>\n<tr>\n<td>_gid<\/td>\n<td>gremicafe.cat<\/td>\n<td>Registra un identificador \u00fanico que se utiliza para generar datos estad\u00edsticos sobre c\u00f3mo el visitante utiliza el sitio web.<\/td>\n<td>HTTP<\/td>\n<td>1 d\u00eda<\/td>\n<\/tr>\n<tr>\n<td>yt-player-headers-readable<\/td>\n<td>youtube.com<\/td>\n<td>Se utiliza para determinar la calidad de v\u00eddeo \u00f3ptima en funci\u00f3n del par\u00e1metro de red y del dispositivo del visitante.<\/td>\n<td>HTML<\/td>\n<td>Persistente<\/td>\n<\/tr>\n<\/tbody>\n<\/table>\n<p><b>Cookies de marketing (13)<\/b><\/p>\n<p class=\"page-content page-cms page-cms-12\">Las cookies de marketing se utilizan para realizar un seguimiento de los visitantes de varios sitios web. La intenci\u00f3n es mostrar anuncios que sean relevantes y atractivos para el usuario individual y, por tanto, m\u00e1s valioso para los editores y anunciantes de terceros.<\/p>\n<table class=\"taulaVisible\" style=\"width: 100%;\">\n<tbody>\n<tr>\n<td>NOMBRE<\/td>\n<td>PROVEEDOR<\/td>\n<td>PROP\u00d3SITO<\/td>\n<td>TIPO<\/td>\n<td>CADUCIDAD<\/td>\n<\/tr>\n<tr>\n<td>_fbp<\/td>\n<td>gremicafe.cat<\/td>\n<td>Facebook lo utiliza para publicar una serie de productos publicitarios, tales como ofertas en tiempo real de anunciantes de terceros.<\/td>\n<td>HTTP<\/td>\n<td>3 meses<\/td>\n<\/tr>\n<tr>\n<td>fr<\/td>\n<td>facebook.com<\/td>\n<td>Utilizado por Facebook para publicar una serie de productos publicitarios, tales como ofertas en tiempo real de terceros<br \/>\nanunciantes.<\/td>\n<td>HTTP<\/td>\n<td>3 meses<\/td>\n<\/tr>\n<tr>\n<td>IDE<\/td>\n<td>doubleclick.net<\/td>\n<td>Google DoubleClick lo utiliza para registrar e informar de las acciones del usuario del sitio web despu\u00e9s de ver o hacer clic en e de los anuncios del anunciante con el prop\u00f3sito de medir la eficacia de un anuncio y presentar anuncios orientados al usuario.<\/td>\n<td>HTTP<\/td>\n<td>1 a\u00f1o<\/td>\n<\/tr>\n<tr>\n<td>test_cookie<\/td>\n<td>doubleclick.net<\/td>\n<td>Se utiliza para comprobar si el navegador del usuario admite cookies.<\/td>\n<td>HTTP<\/td>\n<td>1 d\u00eda<\/td>\n<\/tr>\n<tr>\n<td>tr<\/td>\n<td>\u00a0facebook.com<\/td>\n<td>Facebook lo utiliza para publicar una serie de productos publicitarios, tales como ofertas en tiempo real de anunciantes de terceros.<\/td>\n<td>Pixel<\/td>\n<td>Sesi\u00f3n<\/td>\n<\/tr>\n<tr>\n<td>VISITOR_INFO1_LIVE<\/td>\n<td>\u00a0youtube.com<\/td>\n<td>Intenta estimar el ancho de banda de los usuarios en las p\u00e1ginas con v\u00eddeos integrados de YouTube.<\/td>\n<td>HTTP<\/td>\n<td>179 d\u00edas<\/td>\n<\/tr>\n<tr>\n<td>YSC<\/td>\n<td>\u00a0youtube.com<\/td>\n<td>Registra un identificador \u00fanico para guardar estad\u00edsticas de los v\u00eddeos de YouTube que ha visto el usuario.<\/td>\n<td>HTTP<\/td>\n<td>Sesi\u00f3n<\/td>\n<\/tr>\n<tr>\n<td>yt-remote-cast-installed<\/td>\n<td>\u00a0youtube.com<\/td>\n<td>Almacena las preferencias del reproductor de v\u00eddeo del usuario mediante un v\u00eddeo de YouTube incrustado<\/td>\n<td>HTML<\/td>\n<td>Sesi\u00f3n<\/td>\n<\/tr>\n<tr>\n<td>yt-remote-connected-devices<\/td>\n<td>\u00a0youtube.com<\/td>\n<td>Almacena las preferencias del reproductor de v\u00eddeo del usuario mediante un v\u00eddeo de YouTube incrustado<\/td>\n<td>HTML<\/td>\n<td>Persistente<\/td>\n<\/tr>\n<tr>\n<td>yt-remote-device-id<\/td>\n<td>\u00a0youtube.com<\/td>\n<td>Almacena las preferencias del reproductor de v\u00eddeo del usuario mediante un v\u00eddeo de YouTube incrustado<\/td>\n<td>HTML<\/td>\n<td>Persistente<\/td>\n<\/tr>\n<tr>\n<td>yt-remote-fast-check-period<\/td>\n<td>\u00a0youtube.com<\/td>\n<td>Almacena las preferencias del reproductor de v\u00eddeo del usuario mediante un v\u00eddeo de YouTube incrustado<\/td>\n<td>HTML<\/td>\n<td>Sesi\u00f3n<\/td>\n<\/tr>\n<tr>\n<td>yt-remote-session-app<\/td>\n<td>\u00a0youtube.com<\/td>\n<td>Almacena las preferencias del reproductor de v\u00eddeo del usuario mediante un v\u00eddeo de YouTube incrustado<\/td>\n<td>HTML<\/td>\n<td>Sesi\u00f3n<\/td>\n<\/tr>\n<tr>\n<td>yt-remote-session-name<\/td>\n<td>\u00a0youtube.com<\/td>\n<td>Almacena las preferencias del reproductor de v\u00eddeo del usuario mediante un v\u00eddeo de YouTube incrustado<\/td>\n<td>HTML<\/td>\n<td>Sesi\u00f3n<\/td>\n<\/tr>\n<\/tbody>\n<\/table>\n<p><strong>Garant\u00edas complementarias \u2013 Gesti\u00f3n de cookies:<\/strong> Como garant\u00eda complementaria a las anteriormente descritas, el registro de las cookies podr\u00e1 estar sujeto a su aceptaci\u00f3n durante la instalaci\u00f3n o puesta a d\u00eda del navegador usado, y esta aceptaci\u00f3n puede en todo momento ser revocada mediante las opciones de configuraci\u00f3n de contenidos y privacidad disponibles. Muchos navegadores permiten activar un modo privado mediante el cual las cookies se borran siempre despu\u00e9s de su visita. Dependiendo de cada navegador este modo privado, puede tener distintos nombres. A continuaci\u00f3n, encontrar\u00e1 una lista de los navegadores m\u00e1s comunes y los diferentes nombres de este \u201cmodo privado\u201d:<\/p>\n<p>Internet Explorer 9 y superior: InPrivate<\/p>\n<p>Safari 2 y superior: Navegaci\u00f3n Privada<\/p>\n<p>Opera 10.5 y superior: Navegaci\u00f3n Privada<\/p>\n<p>FireFox 3.5 y superior: Navegaci\u00f3n Privada<\/p>\n<p>Google Chrome 10 y superior: Incognito<\/p>\n<p>Por otro lado, y si as\u00ed lo desea, puede navegar por nuestro sitio de la forma habitual pero desactivando las cookies en su navegador. A continuaci\u00f3n le orientamos en el proceso a seguir para desactivarlas en su navegador.<\/p>\n<p><strong>\u00bfC\u00f3mo puedo desactivar las cookies?<\/strong><\/p>\n<p>Modificar las preferencias del navegador para desactivar cookies es muy sencillo, pero recuerda que en estos casos, algunas funcionalidades de la tienda virtual no estar\u00e1n disponibles para ti.<\/p>\n<p>Firefox:<\/p>\n<ul>\n<li>Abre Firefox.<\/li>\n<li>Pulsa la tecla \u00abAlt\u00bb del teclado.<\/li>\n<li>En el men\u00fa que aparece arriba en la pantalla, elige Herramientas y luego Opciones.<\/li>\n<li>Haz clic en \u00abPrivacidad\u00bb.<\/li>\n<li>En &quot;Firefox podr\u00e1&quot;: elige &quot;Utiliza una configuraci\u00f3n personalizada para el historial&quot;. Desmarca la opci\u00f3n &quot;Aceptar cookies&quot; para desactivar y guarda los cambios realizados.<\/li>\n<\/ul>\n<p>Internet Explorer:<\/p>\n<ul>\n<li>Abre Internet Explorer.<\/li>\n<li>Haz clic en el bot\u00f3n Herramientas y despu\u00e9s en Opciones de internet.<\/li>\n<li>Selecciona &quot;Privacidad&quot;.<\/li>\n<li>En &quot;Avanzada&quot; puedes desactivar las cookies y guardar los cambios realizados.<\/li>\n<\/ul>\n<p>Google Chrome:<\/p>\n<ul>\n<li>Abre Google Chrome.<\/li>\n<li>Haz clic en el men\u00fa &#039;Herramientas&#039;.<\/li>\n<li>Selecciona \u201cOpciones\u201d.<\/li>\n<li>Haz clic en la pesta\u00f1a &quot;Avanzada&quot;. En la secci\u00f3n \u00abPrivacidad\u00bb, haz clic en \u00abConfiguraci\u00f3n del contenido\u00bb.<\/li>\n<li>En la pesta\u00f1a &quot;Cookies&quot; puedes desactivar las cookies y guardar los cambios seleccionados.<\/li>\n<\/ul>\n<p>Safari:<\/p>\n<ul>\n<li>Abre Safari.<\/li>\n<li>Selecciona \u00abPreferencias\u00bb en el men\u00fa y haz clic en \u00abSeguridad\u00bb (parte superior derecha).<\/li>\n<li>En la secci\u00f3n \u201cAcepta cookies\u201d, puedes elegir si Safari debe aceptar las cookies de los sitios a los que entras. Para m\u00e1s informaci\u00f3n, haz clic en el signo de interrogaci\u00f3n.<\/li>\n<li>Para ver las cookies que se han almacenado en tu ordenador, haz clic en \u00abVer cookies\u00bb.<\/li>\n<\/ul>\n<p><strong>Importante<\/strong>: Por favor, lea atentamente la secci\u00f3n de ayuda de su navegador para conocer m\u00e1s sobre c\u00f3mo activar el \u201cmodo privado\u201d. Podr\u00e1 seguir visitando nuestra web aunque su navegador est\u00e9 en &quot;modo privado&quot;, <strong>si bien su navegaci\u00f3n por nuestra web puede no ser \u00f3ptima y algunas utilidades pueden no funcionar.<\/strong><\/p>\n<p>Por \u00faltimo indicar que nosotros podemos modificar esta Pol\u00edtica de Cookies en funci\u00f3n de exigencias legislativas, reglamentarias, o con el fin de adaptar esta pol\u00edtica a las instrucciones dictadas por la Agencia Espa\u00f1ola de Protecci\u00f3n de Datos, por lo que se aconseja a los usuarios que la visitar peri\u00f3dicamente.<\/p>\n\n\t\t<\/div>\n\t<\/div>\n<\/div><\/div><\/div><\/div><div class=\"vc_row-full-width vc_clearfix\"><\/div>","protected":false},"excerpt":{"rendered":"Com totes i cadascuna de les botigues virtuals d'internet, aquesta botiga virtual fa servir cookies per millorar l'experi\u00e8ncia de navegaci\u00f3 de l'usuari. Les cookies ens permet deduir les seves prefer\u00e8ncies i interessos per pder oferir-li la expriencia d'usuari i navegabilitat que necessita. A continuaci\u00f3 trobareu informaci\u00f3 sobre qu\u00e8 s\u00f3n les cookies, quin tipus de cookies [...]","protected":false},"author":1,"featured_media":5222,"parent":0,"menu_order":0,"comment_status":"closed","ping_status":"closed","template":"","meta":{"_acf_changed":false,"inline_featured_image":false,"footnotes":""},"class_list":["post-5810","page","type-page","status-publish","has-post-thumbnail","hentry"],"acf":[],"yoast_head":"<!-- This site is optimized with the Yoast SEO plugin v25.5 - https:\/\/yoast.com\/wordpress\/plugins\/seo\/ -->\n<title>Pol\u00edtica de cookies - Gremi del Caf\u00e8, torradors de Catalunya<\/title>\n<meta name=\"robots\" content=\"index, follow, max-snippet:-1, max-image-preview:large, max-video-preview:-1\" \/>\n<link rel=\"canonical\" href=\"https:\/\/gremicafe.cat\/es\/politica-de-cookies\/\" \/>\n<meta property=\"og:locale\" content=\"es_ES\" \/>\n<meta property=\"og:type\" content=\"article\" \/>\n<meta property=\"og:title\" content=\"Pol\u00edtica de cookies - Gremi del Caf\u00e8, torradors de Catalunya\" \/>\n<meta property=\"og:url\" content=\"https:\/\/gremicafe.cat\/es\/politica-de-cookies\/\" \/>\n<meta property=\"og:site_name\" content=\"Gremi del Caf\u00e8, torradors de Catalunya\" \/>\n<meta property=\"article:publisher\" content=\"https:\/\/www.facebook.com\/gremicafecat\" \/>\n<meta property=\"article:modified_time\" content=\"2021-03-10T07:28:25+00:00\" \/>\n<meta property=\"og:image\" content=\"https:\/\/gremicafe.cat\/wp-content\/uploads\/2020\/05\/cafe_torrat_gra_blanc_rodo_logo-350-8bit.png\" \/>\n\t<meta property=\"og:image:width\" content=\"350\" \/>\n\t<meta property=\"og:image:height\" content=\"350\" \/>\n\t<meta property=\"og:image:type\" content=\"image\/png\" \/>\n<meta name=\"twitter:card\" content=\"summary_large_image\" \/>\n<meta name=\"twitter:site\" content=\"@gremicafecat\" \/>\n<meta name=\"twitter:label1\" content=\"Tiempo de lectura\" \/>\n\t<meta name=\"twitter:data1\" content=\"9 minutos\" \/>\n<script type=\"application\/ld+json\" class=\"yoast-schema-graph\">{\"@context\":\"https:\/\/schema.org\",\"@graph\":[{\"@type\":\"WebPage\",\"@id\":\"https:\/\/gremicafe.cat\/politica-de-cookies\/\",\"url\":\"https:\/\/gremicafe.cat\/politica-de-cookies\/\",\"name\":\"Pol\u00edtica de cookies - Gremi del Caf\u00e8, torradors de Catalunya\",\"isPartOf\":{\"@id\":\"https:\/\/gremicafe.cat\/#website\"},\"primaryImageOfPage\":{\"@id\":\"https:\/\/gremicafe.cat\/politica-de-cookies\/#primaryimage\"},\"image\":{\"@id\":\"https:\/\/gremicafe.cat\/politica-de-cookies\/#primaryimage\"},\"thumbnailUrl\":\"https:\/\/gremicafe.cat\/wp-content\/uploads\/2020\/05\/cafe_torrat_gra_blanc_rodo_logo-350-8bit.png\",\"datePublished\":\"2021-03-10T07:19:57+00:00\",\"dateModified\":\"2021-03-10T07:28:25+00:00\",\"breadcrumb\":{\"@id\":\"https:\/\/gremicafe.cat\/politica-de-cookies\/#breadcrumb\"},\"inLanguage\":\"es\",\"potentialAction\":[{\"@type\":\"ReadAction\",\"target\":[\"https:\/\/gremicafe.cat\/politica-de-cookies\/\"]}]},{\"@type\":\"ImageObject\",\"inLanguage\":\"es\",\"@id\":\"https:\/\/gremicafe.cat\/politica-de-cookies\/#primaryimage\",\"url\":\"https:\/\/gremicafe.cat\/wp-content\/uploads\/2020\/05\/cafe_torrat_gra_blanc_rodo_logo-350-8bit.png\",\"contentUrl\":\"https:\/\/gremicafe.cat\/wp-content\/uploads\/2020\/05\/cafe_torrat_gra_blanc_rodo_logo-350-8bit.png\",\"width\":350,\"height\":350},{\"@type\":\"BreadcrumbList\",\"@id\":\"https:\/\/gremicafe.cat\/politica-de-cookies\/#breadcrumb\",\"itemListElement\":[{\"@type\":\"ListItem\",\"position\":1,\"name\":\"Inici\",\"item\":\"https:\/\/gremicafe.cat\/\"},{\"@type\":\"ListItem\",\"position\":2,\"name\":\"Pol\u00edtica de cookies\"}]},{\"@type\":\"WebSite\",\"@id\":\"https:\/\/gremicafe.cat\/#website\",\"url\":\"https:\/\/gremicafe.cat\/\",\"name\":\"Gremi del Caf\u00e8, torradors de Catalunya\",\"description\":\"Web oficial del gremi de torradors de caf\u00e8 de Catalunya\",\"publisher\":{\"@id\":\"https:\/\/gremicafe.cat\/#organization\"},\"potentialAction\":[{\"@type\":\"SearchAction\",\"target\":{\"@type\":\"EntryPoint\",\"urlTemplate\":\"https:\/\/gremicafe.cat\/?s={search_term_string}\"},\"query-input\":{\"@type\":\"PropertyValueSpecification\",\"valueRequired\":true,\"valueName\":\"search_term_string\"}}],\"inLanguage\":\"es\"},{\"@type\":\"Organization\",\"@id\":\"https:\/\/gremicafe.cat\/#organization\",\"name\":\"Gremi del Caf\u00e8, Torradors de Catalunya\",\"url\":\"https:\/\/gremicafe.cat\/\",\"logo\":{\"@type\":\"ImageObject\",\"inLanguage\":\"es\",\"@id\":\"https:\/\/gremicafe.cat\/#\/schema\/logo\/image\/\",\"url\":\"https:\/\/gremicafe.cat\/wp-content\/uploads\/2018\/03\/gremicafe-logo250.png\",\"contentUrl\":\"https:\/\/gremicafe.cat\/wp-content\/uploads\/2018\/03\/gremicafe-logo250.png\",\"width\":250,\"height\":49,\"caption\":\"Gremi del Caf\u00e8, Torradors de Catalunya\"},\"image\":{\"@id\":\"https:\/\/gremicafe.cat\/#\/schema\/logo\/image\/\"},\"sameAs\":[\"https:\/\/www.facebook.com\/gremicafecat\",\"https:\/\/x.com\/gremicafecat\",\"https:\/\/www.instagram.com\/gremicafecat\/\",\"https:\/\/www.pinterest.es\/gremicafecat\/\",\"https:\/\/www.youtube.com\/channel\/UCGLo5Y35vLwLvP4FrPZrCrw\/\"]}]}<\/script>\n<!-- \/ Yoast SEO plugin. -->","yoast_head_json":{"title":"Pol\u00edtica de cookies - Gremi del Caf\u00e8, torradors de Catalunya","robots":{"index":"index","follow":"follow","max-snippet":"max-snippet:-1","max-image-preview":"max-image-preview:large","max-video-preview":"max-video-preview:-1"},"canonical":"https:\/\/gremicafe.cat\/es\/politica-de-cookies\/","og_locale":"es_ES","og_type":"article","og_title":"Pol\u00edtica de cookies - Gremi del Caf\u00e8, torradors de Catalunya","og_url":"https:\/\/gremicafe.cat\/es\/politica-de-cookies\/","og_site_name":"Gremi del Caf\u00e8, torradors de Catalunya","article_publisher":"https:\/\/www.facebook.com\/gremicafecat","article_modified_time":"2021-03-10T07:28:25+00:00","og_image":[{"width":350,"height":350,"url":"https:\/\/gremicafe.cat\/wp-content\/uploads\/2020\/05\/cafe_torrat_gra_blanc_rodo_logo-350-8bit.png","type":"image\/png"}],"twitter_card":"summary_large_image","twitter_site":"@gremicafecat","twitter_misc":{"Tiempo de lectura":"9 minutos"},"schema":{"@context":"https:\/\/schema.org","@graph":[{"@type":"WebPage","@id":"https:\/\/gremicafe.cat\/politica-de-cookies\/","url":"https:\/\/gremicafe.cat\/politica-de-cookies\/","name":"Pol\u00edtica de cookies - Gremi del Caf\u00e8, torradors de Catalunya","isPartOf":{"@id":"https:\/\/gremicafe.cat\/#website"},"primaryImageOfPage":{"@id":"https:\/\/gremicafe.cat\/politica-de-cookies\/#primaryimage"},"image":{"@id":"https:\/\/gremicafe.cat\/politica-de-cookies\/#primaryimage"},"thumbnailUrl":"https:\/\/gremicafe.cat\/wp-content\/uploads\/2020\/05\/cafe_torrat_gra_blanc_rodo_logo-350-8bit.png","datePublished":"2021-03-10T07:19:57+00:00","dateModified":"2021-03-10T07:28:25+00:00","breadcrumb":{"@id":"https:\/\/gremicafe.cat\/politica-de-cookies\/#breadcrumb"},"inLanguage":"es","potentialAction":[{"@type":"ReadAction","target":["https:\/\/gremicafe.cat\/politica-de-cookies\/"]}]},{"@type":"ImageObject","inLanguage":"es","@id":"https:\/\/gremicafe.cat\/politica-de-cookies\/#primaryimage","url":"https:\/\/gremicafe.cat\/wp-content\/uploads\/2020\/05\/cafe_torrat_gra_blanc_rodo_logo-350-8bit.png","contentUrl":"https:\/\/gremicafe.cat\/wp-content\/uploads\/2020\/05\/cafe_torrat_gra_blanc_rodo_logo-350-8bit.png","width":350,"height":350},{"@type":"BreadcrumbList","@id":"https:\/\/gremicafe.cat\/politica-de-cookies\/#breadcrumb","itemListElement":[{"@type":"ListItem","position":1,"name":"Inici","item":"https:\/\/gremicafe.cat\/"},{"@type":"ListItem","position":2,"name":"Pol\u00edtica de cookies"}]},{"@type":"WebSite","@id":"https:\/\/gremicafe.cat\/#website","url":"https:\/\/gremicafe.cat\/","name":"Gremio del Caf\u00e9, tostadores de Catalu\u00f1a","description":"Web oficial del gremio de tostadores de caf\u00e9 de Catalunya","publisher":{"@id":"https:\/\/gremicafe.cat\/#organization"},"potentialAction":[{"@type":"SearchAction","target":{"@type":"EntryPoint","urlTemplate":"https:\/\/gremicafe.cat\/?s={search_term_string}"},"query-input":{"@type":"PropertyValueSpecification","valueRequired":true,"valueName":"search_term_string"}}],"inLanguage":"es"},{"@type":"Organization","@id":"https:\/\/gremicafe.cat\/#organization","name":"Gremio del Caf\u00e9, Tostadores de Catalu\u00f1a","url":"https:\/\/gremicafe.cat\/","logo":{"@type":"ImageObject","inLanguage":"es","@id":"https:\/\/gremicafe.cat\/#\/schema\/logo\/image\/","url":"https:\/\/gremicafe.cat\/wp-content\/uploads\/2018\/03\/gremicafe-logo250.png","contentUrl":"https:\/\/gremicafe.cat\/wp-content\/uploads\/2018\/03\/gremicafe-logo250.png","width":250,"height":49,"caption":"Gremi del Caf\u00e8, Torradors de Catalunya"},"image":{"@id":"https:\/\/gremicafe.cat\/#\/schema\/logo\/image\/"},"sameAs":["https:\/\/www.facebook.com\/gremicafecat","https:\/\/x.com\/gremicafecat","https:\/\/www.instagram.com\/gremicafecat\/","https:\/\/www.pinterest.es\/gremicafecat\/","https:\/\/www.youtube.com\/channel\/UCGLo5Y35vLwLvP4FrPZrCrw\/"]}]}},"_links":{"self":[{"href":"https:\/\/gremicafe.cat\/es\/wp-json\/wp\/v2\/pages\/5810"}],"collection":[{"href":"https:\/\/gremicafe.cat\/es\/wp-json\/wp\/v2\/pages"}],"about":[{"href":"https:\/\/gremicafe.cat\/es\/wp-json\/wp\/v2\/types\/page"}],"author":[{"embeddable":true,"href":"https:\/\/gremicafe.cat\/es\/wp-json\/wp\/v2\/users\/1"}],"replies":[{"embeddable":true,"href":"https:\/\/gremicafe.cat\/es\/wp-json\/wp\/v2\/comments?post=5810"}],"version-history":[{"count":0,"href":"https:\/\/gremicafe.cat\/es\/wp-json\/wp\/v2\/pages\/5810\/revisions"}],"wp:featuredmedia":[{"embeddable":true,"href":"https:\/\/gremicafe.cat\/es\/wp-json\/wp\/v2\/media\/5222"}],"wp:attachment":[{"href":"https:\/\/gremicafe.cat\/es\/wp-json\/wp\/v2\/media?parent=5810"}],"curies":[{"name":"wp","href":"https:\/\/api.w.org\/{rel}","templated":true}]}}